{"id":4895,"date":"2024-05-08T16:58:38","date_gmt":"2024-05-08T16:58:38","guid":{"rendered":"https:\/\/www.omp.cv\/mestrepulu\/?page_id=4895"},"modified":"2024-05-08T17:01:32","modified_gmt":"2024-05-08T17:01:32","slug":"edificio-rde","status":"publish","type":"page","link":"https:\/\/omp.cv\/industria-servicos\/edificio-rde\/","title":{"rendered":"Edif\u00edcio RDE"},"content":{"rendered":"\t\t<div data-elementor-type=\"wp-post\" data-elementor-id=\"4895\" class=\"elementor elementor-4895\">\n\t\t\t\t\t\t<section class=\"elementor-section elementor-top-section elementor-element elementor-element-c21084f elementor-section-content-middle elementor-section-boxed elementor-section-height-default elementor-section-height-default\" data-id=\"c21084f\" data-element_type=\"section\" data-settings=\"{&quot;background_background&quot;:&quot;classic&quot;}\">\n\t\t\t\t\t\t\t<div class=\"elementor-background-overlay\"><\/div>\n\t\t\t\t\t\t\t<div class=\"elementor-container elementor-column-gap-no\">\n\t\t\t\t\t<div class=\"elementor-column elementor-col-100 elementor-top-column elementor-element elementor-element-49d8b19\" data-id=\"49d8b19\" data-element_type=\"column\">\n\t\t\t<div class=\"elementor-widget-wrap elementor-element-populated\">\n\t\t\t\t\t\t<div class=\"elementor-element elementor-element-0f71724 elementor-widget elementor-widget-heading\" data-id=\"0f71724\" data-element_type=\"widget\" data-widget_type=\"heading.default\">\n\t\t\t\t<div class=\"elementor-widget-container\">\n\t\t\t\t\t<h1 class=\"elementor-heading-title elementor-size-default\">Obras<\/h1>\t\t\t\t<\/div>\n\t\t\t\t<\/div>\n\t\t\t\t\t<\/div>\n\t\t<\/div>\n\t\t\t\t\t<\/div>\n\t\t<\/section>\n\t\t\t\t<section class=\"elementor-section elementor-top-section elementor-element elementor-element-a5fa6b4 elementor-section-full_width elementor-section-height-default elementor-section-height-default\" data-id=\"a5fa6b4\" data-element_type=\"section\">\n\t\t\t\t\t\t<div class=\"elementor-container elementor-column-gap-default\">\n\t\t\t\t\t<div class=\"elementor-column elementor-col-100 elementor-top-column elementor-element elementor-element-1b6e144\" data-id=\"1b6e144\" data-element_type=\"column\" data-settings=\"{&quot;background_background&quot;:&quot;classic&quot;}\">\n\t\t\t<div class=\"elementor-widget-wrap elementor-element-populated\">\n\t\t\t\t\t\t<section class=\"elementor-section elementor-inner-section elementor-element elementor-element-d863673 elementor-section-full_width elementor-section-content-middle elementor-section-height-default elementor-section-height-default\" data-id=\"d863673\" data-element_type=\"section\" data-settings=\"{&quot;background_background&quot;:&quot;classic&quot;}\">\n\t\t\t\t\t\t\t<div class=\"elementor-background-overlay\"><\/div>\n\t\t\t\t\t\t\t<div class=\"elementor-container elementor-column-gap-no\">\n\t\t\t\t\t<div class=\"elementor-column elementor-col-100 elementor-inner-column elementor-element elementor-element-a93dd59\" data-id=\"a93dd59\" data-element_type=\"column\" data-settings=\"{&quot;background_background&quot;:&quot;classic&quot;}\">\n\t\t\t<div class=\"elementor-widget-wrap elementor-element-populated\">\n\t\t\t\t\t<div class=\"elementor-background-overlay\"><\/div>\n\t\t\t\t\t\t<div class=\"elementor-element elementor-element-d98f004 elementor-widget elementor-widget-heading\" data-id=\"d98f004\" data-element_type=\"widget\" data-widget_type=\"heading.default\">\n\t\t\t\t<div class=\"elementor-widget-container\">\n\t\t\t\t\t<h2 class=\"elementor-heading-title elementor-size-default\">Edif\u00edcio RDE<\/h2>\t\t\t\t<\/div>\n\t\t\t\t<\/div>\n\t\t\t\t<div class=\"elementor-element elementor-element-b8549e4 elementor-widget elementor-widget-heading\" data-id=\"b8549e4\" data-element_type=\"widget\" data-widget_type=\"heading.default\">\n\t\t\t\t<div class=\"elementor-widget-container\">\n\t\t\t\t\t<h4 class=\"elementor-heading-title elementor-size-default\">S\u00e3o Vicente<\/h4>\t\t\t\t<\/div>\n\t\t\t\t<\/div>\n\t\t\t\t<div class=\"elementor-element elementor-element-a7a54f9 elementor-widget-divider--view-line elementor-widget elementor-widget-divider\" data-id=\"a7a54f9\" data-element_type=\"widget\" data-widget_type=\"divider.default\">\n\t\t\t\t<div class=\"elementor-widget-container\">\n\t\t\t\t\t\t\t<div class=\"elementor-divider\">\n\t\t\t<span class=\"elementor-divider-separator\">\n\t\t\t\t\t\t<\/span>\n\t\t<\/div>\n\t\t\t\t\t\t<\/div>\n\t\t\t\t<\/div>\n\t\t\t\t<div class=\"elementor-element elementor-element-a0e6637 elementor-widget elementor-widget-text-editor\" data-id=\"a0e6637\" data-element_type=\"widget\" data-widget_type=\"text-editor.default\">\n\t\t\t\t<div class=\"elementor-widget-container\">\n\t\t\t\t\t\t\t\t\t<p><strong>Realizamos toda a obra do Edificio RDE, um edif\u00edcio com 5 andares e 9 apartamentos localizado na Rua Senador Vera-Cruz, S\u00e3o Vicente. A OMP foi respons\u00e1vel pela carpintaria, garantindo cozinhas totalmente equipadas com eletrodom\u00e9sticos, pavimento \u00e0 prova de \u00e1gua com corti\u00e7a e roupeiros em todos os quartos. O edif\u00edcio est\u00e1 pronto para entrega imediata. Para mais informa\u00e7\u00f5es sobre este empreendimento, visite o website: <a href=\"https:\/\/www.rde.cv\/edificio\">www.rde.cv\/edificio<\/a><\/strong><\/p>\t\t\t\t\t\t\t\t<\/div>\n\t\t\t\t<\/div>\n\t\t\t\t\t<\/div>\n\t\t<\/div>\n\t\t\t\t\t<\/div>\n\t\t<\/section>\n\t\t\t\t<div class=\"elementor-element elementor-element-ed0e8b6 elementor-arrows-position-inside elementor-pagination-position-outside elementor-widget elementor-widget-image-carousel\" data-id=\"ed0e8b6\" data-element_type=\"widget\" data-settings=\"{&quot;slides_to_show&quot;:&quot;3&quot;,&quot;navigation&quot;:&quot;both&quot;,&quot;autoplay&quot;:&quot;yes&quot;,&quot;pause_on_hover&quot;:&quot;yes&quot;,&quot;pause_on_interaction&quot;:&quot;yes&quot;,&quot;autoplay_speed&quot;:5000,&quot;infinite&quot;:&quot;yes&quot;,&quot;speed&quot;:500}\" data-widget_type=\"image-carousel.default\">\n\t\t\t\t<div class=\"elementor-widget-container\">\n\t\t\t\t\t\t\t<div class=\"elementor-image-carousel-wrapper swiper\" role=\"region\" aria-roledescription=\"carousel\" aria-label=\"Carrossel de imagens\" dir=\"ltr\">\n\t\t\t<div class=\"elementor-image-carousel swiper-wrapper\" aria-live=\"off\">\n\t\t\t\t\t\t\t\t<div class=\"swiper-slide\" role=\"group\" aria-roledescription=\"slide\" aria-label=\"1 of 12\"><a data-elementor-open-lightbox=\"yes\" data-elementor-lightbox-slideshow=\"ed0e8b6\" data-elementor-lightbox-title=\"RDE_Penthouse_Bob Lima_35\" data-e-action-hash=\"#elementor-action%3Aaction%3Dlightbox%26settings%3DeyJpZCI6NDkxMSwidXJsIjoiaHR0cHM6XC9cL29tcC5jdlwvaW5kdXN0cmlhLXNlcnZpY29zXC93cC1jb250ZW50XC91cGxvYWRzXC8yMDI0XC8wNVwvUkRFX1BlbnRob3VzZV9Cb2ItTGltYV8zNS5qcGciLCJzbGlkZXNob3ciOiJlZDBlOGI2In0%3D\" href=\"https:\/\/omp.cv\/industria-servicos\/wp-content\/uploads\/2024\/05\/RDE_Penthouse_Bob-Lima_35.jpg\"><figure class=\"swiper-slide-inner\"><img decoding=\"async\" class=\"swiper-slide-image\" src=\"https:\/\/omp.cv\/industria-servicos\/wp-content\/uploads\/2024\/05\/RDE_Penthouse_Bob-Lima_35.jpg\" alt=\"RDE_Penthouse_Bob Lima_35\" \/><\/figure><\/a><\/div><div class=\"swiper-slide\" role=\"group\" aria-roledescription=\"slide\" aria-label=\"2 of 12\"><a data-elementor-open-lightbox=\"yes\" data-elementor-lightbox-slideshow=\"ed0e8b6\" data-elementor-lightbox-title=\"RDE_Penthouse_Bob Lima_32\" data-e-action-hash=\"#elementor-action%3Aaction%3Dlightbox%26settings%3DeyJpZCI6NDkxMCwidXJsIjoiaHR0cHM6XC9cL29tcC5jdlwvaW5kdXN0cmlhLXNlcnZpY29zXC93cC1jb250ZW50XC91cGxvYWRzXC8yMDI0XC8wNVwvUkRFX1BlbnRob3VzZV9Cb2ItTGltYV8zMi5qcGciLCJzbGlkZXNob3ciOiJlZDBlOGI2In0%3D\" href=\"https:\/\/omp.cv\/industria-servicos\/wp-content\/uploads\/2024\/05\/RDE_Penthouse_Bob-Lima_32.jpg\"><figure class=\"swiper-slide-inner\"><img decoding=\"async\" class=\"swiper-slide-image\" src=\"https:\/\/omp.cv\/industria-servicos\/wp-content\/uploads\/2024\/05\/RDE_Penthouse_Bob-Lima_32.jpg\" alt=\"RDE_Penthouse_Bob Lima_32\" \/><\/figure><\/a><\/div><div class=\"swiper-slide\" role=\"group\" aria-roledescription=\"slide\" aria-label=\"3 of 12\"><a data-elementor-open-lightbox=\"yes\" data-elementor-lightbox-slideshow=\"ed0e8b6\" data-elementor-lightbox-title=\"RDE_Penthouse_Bob Lima_27\" data-e-action-hash=\"#elementor-action%3Aaction%3Dlightbox%26settings%3DeyJpZCI6NDkwOSwidXJsIjoiaHR0cHM6XC9cL29tcC5jdlwvaW5kdXN0cmlhLXNlcnZpY29zXC93cC1jb250ZW50XC91cGxvYWRzXC8yMDI0XC8wNVwvUkRFX1BlbnRob3VzZV9Cb2ItTGltYV8yNy5qcGciLCJzbGlkZXNob3ciOiJlZDBlOGI2In0%3D\" href=\"https:\/\/omp.cv\/industria-servicos\/wp-content\/uploads\/2024\/05\/RDE_Penthouse_Bob-Lima_27.jpg\"><figure class=\"swiper-slide-inner\"><img decoding=\"async\" class=\"swiper-slide-image\" src=\"https:\/\/omp.cv\/industria-servicos\/wp-content\/uploads\/2024\/05\/RDE_Penthouse_Bob-Lima_27.jpg\" alt=\"RDE_Penthouse_Bob Lima_27\" \/><\/figure><\/a><\/div><div class=\"swiper-slide\" role=\"group\" aria-roledescription=\"slide\" aria-label=\"4 of 12\"><a data-elementor-open-lightbox=\"yes\" data-elementor-lightbox-slideshow=\"ed0e8b6\" data-elementor-lightbox-title=\"RDE_Penthouse_Bob Lima_25\" data-e-action-hash=\"#elementor-action%3Aaction%3Dlightbox%26settings%3DeyJpZCI6NDkwOCwidXJsIjoiaHR0cHM6XC9cL29tcC5jdlwvaW5kdXN0cmlhLXNlcnZpY29zXC93cC1jb250ZW50XC91cGxvYWRzXC8yMDI0XC8wNVwvUkRFX1BlbnRob3VzZV9Cb2ItTGltYV8yNS5qcGciLCJzbGlkZXNob3ciOiJlZDBlOGI2In0%3D\" href=\"https:\/\/omp.cv\/industria-servicos\/wp-content\/uploads\/2024\/05\/RDE_Penthouse_Bob-Lima_25.jpg\"><figure class=\"swiper-slide-inner\"><img decoding=\"async\" class=\"swiper-slide-image\" src=\"https:\/\/omp.cv\/industria-servicos\/wp-content\/uploads\/2024\/05\/RDE_Penthouse_Bob-Lima_25.jpg\" alt=\"RDE_Penthouse_Bob Lima_25\" \/><\/figure><\/a><\/div><div class=\"swiper-slide\" role=\"group\" aria-roledescription=\"slide\" aria-label=\"5 of 12\"><a data-elementor-open-lightbox=\"yes\" data-elementor-lightbox-slideshow=\"ed0e8b6\" data-elementor-lightbox-title=\"RDE_Penthouse_Bob Lima_24\" data-e-action-hash=\"#elementor-action%3Aaction%3Dlightbox%26settings%3DeyJpZCI6NDkwNywidXJsIjoiaHR0cHM6XC9cL29tcC5jdlwvaW5kdXN0cmlhLXNlcnZpY29zXC93cC1jb250ZW50XC91cGxvYWRzXC8yMDI0XC8wNVwvUkRFX1BlbnRob3VzZV9Cb2ItTGltYV8yNC5qcGciLCJzbGlkZXNob3ciOiJlZDBlOGI2In0%3D\" href=\"https:\/\/omp.cv\/industria-servicos\/wp-content\/uploads\/2024\/05\/RDE_Penthouse_Bob-Lima_24.jpg\"><figure class=\"swiper-slide-inner\"><img decoding=\"async\" class=\"swiper-slide-image\" src=\"https:\/\/omp.cv\/industria-servicos\/wp-content\/uploads\/2024\/05\/RDE_Penthouse_Bob-Lima_24.jpg\" alt=\"RDE_Penthouse_Bob Lima_24\" \/><\/figure><\/a><\/div><div class=\"swiper-slide\" role=\"group\" aria-roledescription=\"slide\" aria-label=\"6 of 12\"><a data-elementor-open-lightbox=\"yes\" data-elementor-lightbox-slideshow=\"ed0e8b6\" data-elementor-lightbox-title=\"RDE_Penthouse_Bob Lima_18\" data-e-action-hash=\"#elementor-action%3Aaction%3Dlightbox%26settings%3DeyJpZCI6NDkwNiwidXJsIjoiaHR0cHM6XC9cL29tcC5jdlwvaW5kdXN0cmlhLXNlcnZpY29zXC93cC1jb250ZW50XC91cGxvYWRzXC8yMDI0XC8wNVwvUkRFX1BlbnRob3VzZV9Cb2ItTGltYV8xOC5qcGciLCJzbGlkZXNob3ciOiJlZDBlOGI2In0%3D\" href=\"https:\/\/omp.cv\/industria-servicos\/wp-content\/uploads\/2024\/05\/RDE_Penthouse_Bob-Lima_18.jpg\"><figure class=\"swiper-slide-inner\"><img decoding=\"async\" class=\"swiper-slide-image\" src=\"https:\/\/omp.cv\/industria-servicos\/wp-content\/uploads\/2024\/05\/RDE_Penthouse_Bob-Lima_18.jpg\" alt=\"RDE_Penthouse_Bob Lima_18\" \/><\/figure><\/a><\/div><div class=\"swiper-slide\" role=\"group\" aria-roledescription=\"slide\" aria-label=\"7 of 12\"><a data-elementor-open-lightbox=\"yes\" data-elementor-lightbox-slideshow=\"ed0e8b6\" data-elementor-lightbox-title=\"RDE_Penthouse_Bob Lima_16\" data-e-action-hash=\"#elementor-action%3Aaction%3Dlightbox%26settings%3DeyJpZCI6NDkwNSwidXJsIjoiaHR0cHM6XC9cL29tcC5jdlwvaW5kdXN0cmlhLXNlcnZpY29zXC93cC1jb250ZW50XC91cGxvYWRzXC8yMDI0XC8wNVwvUkRFX1BlbnRob3VzZV9Cb2ItTGltYV8xNi5qcGciLCJzbGlkZXNob3ciOiJlZDBlOGI2In0%3D\" href=\"https:\/\/omp.cv\/industria-servicos\/wp-content\/uploads\/2024\/05\/RDE_Penthouse_Bob-Lima_16.jpg\"><figure class=\"swiper-slide-inner\"><img decoding=\"async\" class=\"swiper-slide-image\" src=\"https:\/\/omp.cv\/industria-servicos\/wp-content\/uploads\/2024\/05\/RDE_Penthouse_Bob-Lima_16.jpg\" alt=\"RDE_Penthouse_Bob Lima_16\" \/><\/figure><\/a><\/div><div class=\"swiper-slide\" role=\"group\" aria-roledescription=\"slide\" aria-label=\"8 of 12\"><a data-elementor-open-lightbox=\"yes\" data-elementor-lightbox-slideshow=\"ed0e8b6\" data-elementor-lightbox-title=\"RDE_Penthouse_Bob Lima_10\" data-e-action-hash=\"#elementor-action%3Aaction%3Dlightbox%26settings%3DeyJpZCI6NDkwNCwidXJsIjoiaHR0cHM6XC9cL29tcC5jdlwvaW5kdXN0cmlhLXNlcnZpY29zXC93cC1jb250ZW50XC91cGxvYWRzXC8yMDI0XC8wNVwvUkRFX1BlbnRob3VzZV9Cb2ItTGltYV8xMC5qcGciLCJzbGlkZXNob3ciOiJlZDBlOGI2In0%3D\" href=\"https:\/\/omp.cv\/industria-servicos\/wp-content\/uploads\/2024\/05\/RDE_Penthouse_Bob-Lima_10.jpg\"><figure class=\"swiper-slide-inner\"><img decoding=\"async\" class=\"swiper-slide-image\" src=\"https:\/\/omp.cv\/industria-servicos\/wp-content\/uploads\/2024\/05\/RDE_Penthouse_Bob-Lima_10.jpg\" alt=\"RDE_Penthouse_Bob Lima_10\" \/><\/figure><\/a><\/div><div class=\"swiper-slide\" role=\"group\" aria-roledescription=\"slide\" aria-label=\"9 of 12\"><a data-elementor-open-lightbox=\"yes\" data-elementor-lightbox-slideshow=\"ed0e8b6\" data-elementor-lightbox-title=\"RDE_Penthouse_Bob Lima_8\" data-e-action-hash=\"#elementor-action%3Aaction%3Dlightbox%26settings%3DeyJpZCI6NDkwMywidXJsIjoiaHR0cHM6XC9cL29tcC5jdlwvaW5kdXN0cmlhLXNlcnZpY29zXC93cC1jb250ZW50XC91cGxvYWRzXC8yMDI0XC8wNVwvUkRFX1BlbnRob3VzZV9Cb2ItTGltYV84LmpwZyIsInNsaWRlc2hvdyI6ImVkMGU4YjYifQ%3D%3D\" href=\"https:\/\/omp.cv\/industria-servicos\/wp-content\/uploads\/2024\/05\/RDE_Penthouse_Bob-Lima_8.jpg\"><figure class=\"swiper-slide-inner\"><img decoding=\"async\" class=\"swiper-slide-image\" src=\"https:\/\/omp.cv\/industria-servicos\/wp-content\/uploads\/2024\/05\/RDE_Penthouse_Bob-Lima_8.jpg\" alt=\"RDE_Penthouse_Bob Lima_8\" \/><\/figure><\/a><\/div><div class=\"swiper-slide\" role=\"group\" aria-roledescription=\"slide\" aria-label=\"10 of 12\"><a data-elementor-open-lightbox=\"yes\" data-elementor-lightbox-slideshow=\"ed0e8b6\" data-elementor-lightbox-title=\"RDE_Penthouse_Bob Lima_7\" data-e-action-hash=\"#elementor-action%3Aaction%3Dlightbox%26settings%3DeyJpZCI6NDkwMiwidXJsIjoiaHR0cHM6XC9cL29tcC5jdlwvaW5kdXN0cmlhLXNlcnZpY29zXC93cC1jb250ZW50XC91cGxvYWRzXC8yMDI0XC8wNVwvUkRFX1BlbnRob3VzZV9Cb2ItTGltYV83LmpwZyIsInNsaWRlc2hvdyI6ImVkMGU4YjYifQ%3D%3D\" href=\"https:\/\/omp.cv\/industria-servicos\/wp-content\/uploads\/2024\/05\/RDE_Penthouse_Bob-Lima_7.jpg\"><figure class=\"swiper-slide-inner\"><img decoding=\"async\" class=\"swiper-slide-image\" src=\"https:\/\/omp.cv\/industria-servicos\/wp-content\/uploads\/2024\/05\/RDE_Penthouse_Bob-Lima_7.jpg\" alt=\"RDE_Penthouse_Bob Lima_7\" \/><\/figure><\/a><\/div><div class=\"swiper-slide\" role=\"group\" aria-roledescription=\"slide\" aria-label=\"11 of 12\"><a data-elementor-open-lightbox=\"yes\" data-elementor-lightbox-slideshow=\"ed0e8b6\" data-elementor-lightbox-title=\"RDE_Penthouse_Bob Lima_4\" data-e-action-hash=\"#elementor-action%3Aaction%3Dlightbox%26settings%3DeyJpZCI6NDkwMSwidXJsIjoiaHR0cHM6XC9cL29tcC5jdlwvaW5kdXN0cmlhLXNlcnZpY29zXC93cC1jb250ZW50XC91cGxvYWRzXC8yMDI0XC8wNVwvUkRFX1BlbnRob3VzZV9Cb2ItTGltYV80LmpwZyIsInNsaWRlc2hvdyI6ImVkMGU4YjYifQ%3D%3D\" href=\"https:\/\/omp.cv\/industria-servicos\/wp-content\/uploads\/2024\/05\/RDE_Penthouse_Bob-Lima_4.jpg\"><figure class=\"swiper-slide-inner\"><img decoding=\"async\" class=\"swiper-slide-image\" src=\"https:\/\/omp.cv\/industria-servicos\/wp-content\/uploads\/2024\/05\/RDE_Penthouse_Bob-Lima_4.jpg\" alt=\"RDE_Penthouse_Bob Lima_4\" \/><\/figure><\/a><\/div><div class=\"swiper-slide\" role=\"group\" aria-roledescription=\"slide\" aria-label=\"12 of 12\"><a data-elementor-open-lightbox=\"yes\" data-elementor-lightbox-slideshow=\"ed0e8b6\" data-elementor-lightbox-title=\"RDE_Penthouse_Bob Lima_1\" data-e-action-hash=\"#elementor-action%3Aaction%3Dlightbox%26settings%3DeyJpZCI6NDkwMCwidXJsIjoiaHR0cHM6XC9cL29tcC5jdlwvaW5kdXN0cmlhLXNlcnZpY29zXC93cC1jb250ZW50XC91cGxvYWRzXC8yMDI0XC8wNVwvUkRFX1BlbnRob3VzZV9Cb2ItTGltYV8xLmpwZyIsInNsaWRlc2hvdyI6ImVkMGU4YjYifQ%3D%3D\" href=\"https:\/\/omp.cv\/industria-servicos\/wp-content\/uploads\/2024\/05\/RDE_Penthouse_Bob-Lima_1.jpg\"><figure class=\"swiper-slide-inner\"><img decoding=\"async\" class=\"swiper-slide-image\" src=\"https:\/\/omp.cv\/industria-servicos\/wp-content\/uploads\/2024\/05\/RDE_Penthouse_Bob-Lima_1.jpg\" alt=\"RDE_Penthouse_Bob Lima_1\" \/><\/figure><\/a><\/div>\t\t\t<\/div>\n\t\t\t\t\t\t\t\t\t\t\t\t<div class=\"elementor-swiper-button elementor-swiper-button-prev\" role=\"button\" tabindex=\"0\">\n\t\t\t\t\t\t<i aria-hidden=\"true\" class=\"eicon-chevron-left\"><\/i>\t\t\t\t\t<\/div>\n\t\t\t\t\t<div class=\"elementor-swiper-button elementor-swiper-button-next\" role=\"button\" tabindex=\"0\">\n\t\t\t\t\t\t<i aria-hidden=\"true\" class=\"eicon-chevron-right\"><\/i>\t\t\t\t\t<\/div>\n\t\t\t\t\n\t\t\t\t\t\t\t\t\t<div class=\"swiper-pagination\"><\/div>\n\t\t\t\t\t\t\t\t\t<\/div>\n\t\t\t\t\t\t<\/div>\n\t\t\t\t<\/div>\n\t\t\t\t<div class=\"elementor-element elementor-element-7459fac elementor-widget elementor-widget-spacer\" data-id=\"7459fac\" data-element_type=\"widget\" data-widget_type=\"spacer.default\">\n\t\t\t\t<div class=\"elementor-widget-container\">\n\t\t\t\t\t\t\t<div class=\"elementor-spacer\">\n\t\t\t<div class=\"elementor-spacer-inner\"><\/div>\n\t\t<\/div>\n\t\t\t\t\t\t<\/div>\n\t\t\t\t<\/div>\n\t\t\t\t\t<\/div>\n\t\t<\/div>\n\t\t\t\t\t<\/div>\n\t\t<\/section>\n\t\t\t\t<section class=\"elementor-section elementor-top-section elementor-element elementor-element-80949b7 elementor-section-boxed elementor-section-height-default elementor-section-height-default\" data-id=\"80949b7\" data-element_type=\"section\" data-settings=\"{&quot;background_background&quot;:&quot;classic&quot;}\">\n\t\t\t\t\t\t<div class=\"elementor-container elementor-column-gap-default\">\n\t\t\t\t\t<div class=\"elementor-column elementor-col-100 elementor-top-column elementor-element elementor-element-87f314b\" data-id=\"87f314b\" data-element_type=\"column\">\n\t\t\t<div class=\"elementor-widget-wrap elementor-element-populated\">\n\t\t\t\t\t\t<div class=\"elementor-element elementor-element-b5d3963 elementor-widget elementor-widget-spacer\" data-id=\"b5d3963\" data-element_type=\"widget\" data-widget_type=\"spacer.default\">\n\t\t\t\t<div class=\"elementor-widget-container\">\n\t\t\t\t\t\t\t<div class=\"elementor-spacer\">\n\t\t\t<div class=\"elementor-spacer-inner\"><\/div>\n\t\t<\/div>\n\t\t\t\t\t\t<\/div>\n\t\t\t\t<\/div>\n\t\t\t\t<div class=\"elementor-element elementor-element-9d1f7ce elementor-widget elementor-widget-heading\" data-id=\"9d1f7ce\" data-element_type=\"widget\" data-widget_type=\"heading.default\">\n\t\t\t\t<div class=\"elementor-widget-container\">\n\t\t\t\t\t<h3 class=\"elementor-heading-title elementor-size-default\">Transforme sua casa em um ref\u00fagio de estilo e conforto.<br> Entre em contato para descobrir nosso mobili\u00e1rio personalizado <br> e or\u00e7amentos sob medida!<\/h3>\t\t\t\t<\/div>\n\t\t\t\t<\/div>\n\t\t\t\t<div class=\"elementor-element elementor-element-23eeac6 elementor-widget elementor-widget-spacer\" data-id=\"23eeac6\" data-element_type=\"widget\" data-widget_type=\"spacer.default\">\n\t\t\t\t<div class=\"elementor-widget-container\">\n\t\t\t\t\t\t\t<div class=\"elementor-spacer\">\n\t\t\t<div class=\"elementor-spacer-inner\"><\/div>\n\t\t<\/div>\n\t\t\t\t\t\t<\/div>\n\t\t\t\t<\/div>\n\t\t\t\t\t<\/div>\n\t\t<\/div>\n\t\t\t\t\t<\/div>\n\t\t<\/section>\n\t\t\t\t<section class=\"elementor-section elementor-top-section elementor-element elementor-element-9cb754e elementor-section-boxed elementor-section-height-default elementor-section-height-default\" data-id=\"9cb754e\" data-element_type=\"section\">\n\t\t\t\t\t\t<div class=\"elementor-container elementor-column-gap-default\">\n\t\t\t\t\t<div class=\"elementor-column elementor-col-100 elementor-top-column elementor-element elementor-element-25c3409\" data-id=\"25c3409\" data-element_type=\"column\">\n\t\t\t<div class=\"elementor-widget-wrap elementor-element-populated\">\n\t\t\t\t\t\t<div class=\"elementor-element elementor-element-1331c75 elementor-widget elementor-widget-spacer\" data-id=\"1331c75\" data-element_type=\"widget\" data-widget_type=\"spacer.default\">\n\t\t\t\t<div class=\"elementor-widget-container\">\n\t\t\t\t\t\t\t<div class=\"elementor-spacer\">\n\t\t\t<div class=\"elementor-spacer-inner\"><\/div>\n\t\t<\/div>\n\t\t\t\t\t\t<\/div>\n\t\t\t\t<\/div>\n\t\t\t\t<div class=\"elementor-element elementor-element-4d2a94d elementor-widget elementor-widget-spacer\" data-id=\"4d2a94d\" data-element_type=\"widget\" data-widget_type=\"spacer.default\">\n\t\t\t\t<div class=\"elementor-widget-container\">\n\t\t\t\t\t\t\t<div class=\"elementor-spacer\">\n\t\t\t<div class=\"elementor-spacer-inner\"><\/div>\n\t\t<\/div>\n\t\t\t\t\t\t<\/div>\n\t\t\t\t<\/div>\n\t\t\t\t<div class=\"elementor-element elementor-element-3416b0d elementor-widget elementor-widget-heading\" data-id=\"3416b0d\" data-element_type=\"widget\" data-widget_type=\"heading.default\">\n\t\t\t\t<div class=\"elementor-widget-container\">\n\t\t\t\t\t<h3 class=\"elementor-heading-title elementor-size-default\">ENTRE EM CONTACTO CONNOSCO\n<\/h3>\t\t\t\t<\/div>\n\t\t\t\t<\/div>\n\t\t\t\t<div class=\"elementor-element elementor-element-1488fad elementor-widget elementor-widget-heading\" data-id=\"1488fad\" data-element_type=\"widget\" data-widget_type=\"heading.default\">\n\t\t\t\t<div class=\"elementor-widget-container\">\n\t\t\t\t\t<h2 class=\"elementor-heading-title elementor-size-default\">FORMUL\u00c1RIO<\/h2>\t\t\t\t<\/div>\n\t\t\t\t<\/div>\n\t\t\t\t<div class=\"elementor-element elementor-element-03527a4 elementor-widget elementor-widget-wp-widget-wpforms-widget\" data-id=\"03527a4\" data-element_type=\"widget\" data-widget_type=\"wp-widget-wpforms-widget.default\">\n\t\t\t\t<div class=\"elementor-widget-container\">\n\t\t\t\t\t<div class=\"wpforms-container \" id=\"wpforms-19\"><form id=\"wpforms-form-19\" class=\"wpforms-validate wpforms-form\" data-formid=\"19\" method=\"post\" enctype=\"multipart\/form-data\" action=\"\/industria-servicos\/wp-json\/wp\/v2\/pages\/4895\" data-token=\"4e7ffd4dec7330f9ec904de7656143b3\" data-token-time=\"1776453939\"><noscript class=\"wpforms-error-noscript\">Please enable JavaScript in your browser to complete this form.<\/noscript><div class=\"wpforms-field-container\"><div id=\"wpforms-19-field_8-container\" class=\"wpforms-field wpforms-field-text\" data-field-id=\"8\"><label class=\"wpforms-field-label\" for=\"wpforms-19-field_8\">Nome <span class=\"wpforms-required-label\">*<\/span><\/label><input type=\"text\" id=\"wpforms-19-field_8\" class=\"wpforms-field-medium wpforms-field-required\" name=\"wpforms[fields][8]\" required><\/div><div id=\"wpforms-19-field_9-container\" class=\"wpforms-field wpforms-field-text\" data-field-id=\"9\"><label class=\"wpforms-field-label\" for=\"wpforms-19-field_9\">Telefone <span class=\"wpforms-required-label\">*<\/span><\/label><input type=\"text\" id=\"wpforms-19-field_9\" class=\"wpforms-field-medium wpforms-field-required\" name=\"wpforms[fields][9]\" required><\/div><div id=\"wpforms-19-field_10-container\" class=\"wpforms-field wpforms-field-text\" data-field-id=\"10\"><label class=\"wpforms-field-label\" for=\"wpforms-19-field_10\">E-mail <span class=\"wpforms-required-label\">*<\/span><\/label><input type=\"text\" id=\"wpforms-19-field_10\" class=\"wpforms-field-medium wpforms-field-required\" name=\"wpforms[fields][10]\" required><\/div><div id=\"wpforms-19-field_2-container\" class=\"wpforms-field wpforms-field-textarea\" data-field-id=\"2\"><label class=\"wpforms-field-label wpforms-label-hide\" for=\"wpforms-19-field_2\">Comment or Message <span class=\"wpforms-required-label\">*<\/span><\/label><textarea id=\"wpforms-19-field_2\" class=\"wpforms-field-large wpforms-field-required\" name=\"wpforms[fields][2]\" placeholder=\"Mensagem\" required><\/textarea><\/div><\/div><!-- .wpforms-field-container --><div class=\"wpforms-field wpforms-field-hp\"><label for=\"wpforms-19-field-hp\" class=\"wpforms-field-label\">Comment<\/label><input type=\"text\" name=\"wpforms[hp]\" id=\"wpforms-19-field-hp\" class=\"wpforms-field-medium\"><\/div><div class=\"wpforms-submit-container\" ><input type=\"hidden\" name=\"wpforms[id]\" value=\"19\"><input type=\"hidden\" name=\"page_title\" value=\"\"><input type=\"hidden\" name=\"page_url\" value=\"https:\/\/omp.cv\/industria-servicos\/wp-json\/wp\/v2\/pages\/4895\"><input type=\"hidden\" name=\"url_referer\" value=\"\"><button type=\"submit\" name=\"wpforms[submit]\" id=\"wpforms-submit-19\" class=\"wpforms-submit\" data-alt-text=\"Enviando...\" data-submit-text=\"Enviar mensagem\" aria-live=\"assertive\" value=\"wpforms-submit\">Enviar mensagem<\/button><\/div><\/form><\/div>  <!-- .wpforms-container -->\t\t\t\t<\/div>\n\t\t\t\t<\/div>\n\t\t\t\t\t<\/div>\n\t\t<\/div>\n\t\t\t\t\t<\/div>\n\t\t<\/section>\n\t\t\t\t<\/div>\n\t\t","protected":false},"excerpt":{"rendered":"<p>Obras Edif\u00edcio RDE S\u00e3o Vicente Realizamos toda a obra do Edificio RDE, um edif\u00edcio com 5 andares e 9 apartamentos localizado na Rua Senador Vera-Cruz, S\u00e3o Vicente. A OMP foi respons\u00e1vel pela carpintaria, garantindo cozinhas totalmente equipadas com eletrodom\u00e9sticos, pavimento \u00e0 prova de \u00e1gua com corti\u00e7a e roupeiros em todos os quartos. O edif\u00edcio est\u00e1 &hellip;<\/p>\n<p class=\"read-more\"> <a class=\"\" href=\"https:\/\/omp.cv\/industria-servicos\/edificio-rde\/\"> <span class=\"screen-reader-text\">Edif\u00edcio RDE<\/span> Read More &raquo;<\/a><\/p>\n","protected":false},"author":1,"featured_media":0,"parent":0,"menu_order":0,"comment_status":"closed","ping_status":"closed","template":"","meta":{"footnotes":""},"class_list":["post-4895","page","type-page","status-publish","hentry"],"_links":{"self":[{"href":"https:\/\/omp.cv\/industria-servicos\/wp-json\/wp\/v2\/pages\/4895","targetHints":{"allow":["GET"]}}],"collection":[{"href":"https:\/\/omp.cv\/industria-servicos\/wp-json\/wp\/v2\/pages"}],"about":[{"href":"https:\/\/omp.cv\/industria-servicos\/wp-json\/wp\/v2\/types\/page"}],"author":[{"embeddable":true,"href":"https:\/\/omp.cv\/industria-servicos\/wp-json\/wp\/v2\/users\/1"}],"replies":[{"embeddable":true,"href":"https:\/\/omp.cv\/industria-servicos\/wp-json\/wp\/v2\/comments?post=4895"}],"version-history":[{"count":7,"href":"https:\/\/omp.cv\/industria-servicos\/wp-json\/wp\/v2\/pages\/4895\/revisions"}],"predecessor-version":[{"id":4914,"href":"https:\/\/omp.cv\/industria-servicos\/wp-json\/wp\/v2\/pages\/4895\/revisions\/4914"}],"wp:attachment":[{"href":"https:\/\/omp.cv\/industria-servicos\/wp-json\/wp\/v2\/media?parent=4895"}],"curies":[{"name":"wp","href":"https:\/\/api.w.org\/{rel}","templated":true}]}}